{"id":41638,"date":"2026-04-09T17:22:13","date_gmt":"2026-04-09T15:22:13","guid":{"rendered":"https:\/\/www.lcdh-bonn.de\/produkt\/el-ron-del-artesano-cask-strength-peated-whisky-cask-finish-10-anos-cask-strength-05l-578-vol\/"},"modified":"2026-04-17T18:53:57","modified_gmt":"2026-04-17T16:53:57","slug":"el-ron-del-artesano-cask-strength-peated-whisky-cask-finish-10-anos-cask-strength-05l-578-vol","status":"publish","type":"product","link":"https:\/\/www.lcdh-bonn.de\/zh\/product\/el-ron-del-artesano-cask-strength-peated-whisky-cask-finish-10-anos-cask-strength-05l-578-vol\/","title":{"rendered":"El Ron del Artesano Cask Strength Peated Whisky Cask Finish 10 a\u00f1os Cask Strength 0,5L 57,8% Vol"},"content":{"rendered":"<p>Ein fassstarker Panama-Rum mit peated Whiskyfass-Finish.<\/p>\n<p>Cask Strength und torfige Fassnoten schaffen hier ein intensives, kompromissloses Profil f\u00fcr fortgeschrittene Genie\u00dfer.<\/p>\n<p>El Ron del Artesano Cask Strength erz\u00e4hlt die Geschichte von Panama-Rum aus einer ungew\u00f6hnlich pers\u00f6nlichen Perspektive. Nicht industrielle Austauschbarkeit steht im Mittelpunkt, sondern das bewusste Arbeiten mit Fassarten, Nachreifung und Textur. Gerade darin liegt die Faszination von El Ron del Artesano: Die Marke denkt Rum wie ein Handwerk \u2013 mit Herkunft, mit Haltung und mit einem fast schon manischen Blick f\u00fcr Details.<\/p>\n<p>Konzentriert, kr\u00e4ftig, rauchig angehaucht und deutlich vom Fass gepr\u00e4gt.<\/p>\n<p>Wer sich f\u00fcr Panama Rum, Cask Finish Rum, Cask Strength Rum oder handwerklich interpretierte Fassreifung interessiert, bekommt hier eine Abf\u00fcllung mit klarer Identit\u00e4t. Sie ist nicht daf\u00fcr gemacht, jedem zu gefallen, sondern daf\u00fcr, im Glas ein eigenes Profil zu zeigen: mit Tiefe, Struktur und dem Gef\u00fchl, dass hier bewusst komponiert und nicht einfach nur abgef\u00fcllt wurde.<\/p>\n<h3>Fakten<\/h3>\n<ul>\n<li>Herkunft: Panama<\/li>\n<li>Inhalt: 0,5L<\/li>\n<li>Alkoholgehalt: 58,8%<\/li>\n<li>Altersangabe: 10 Jahre<\/li>\n<li>Stil: Cask Strength<\/li>\n<li>Finish: Peated Whisky Cask<\/li>\n<\/ul>\n<p><strong>Hersteller \/ Inverkehrbringer \/ Importeur<\/strong><br \/>\nEl Ron del Artesano<br \/>\nWerner-von-Siemens-Str. 8<br \/>\nD-78048 Villingen-Schwenningen<br \/>\n\u5fb7\u56fd<br \/>\nE-Mail: sebastian@ron-artesano.com<br \/>\nWeb: www.ron-artesano.com<\/p>","protected":false},"excerpt":{"rendered":"<p>El Ron del Artesano Cask Strength mit Peated Whisky Cask Finish 10 a\u00f1os Cask Strength 0,5L 58,8% Vol. Handwerklich, charaktervoll und klar fassgepr\u00e4gt.<\/p>","protected":false},"featured_media":41753,"comment_status":"closed","ping_status":"closed","template":"","meta":{"_acf_changed":false},"etheme_brands":[{"term_id":1437,"name":"El Ron del Artesano","slug":"el-ron-del-artesano","term_group":0,"term_taxonomy_id":1437,"taxonomy":"brand","description":"","parent":0,"count":3,"filter":"raw"}],"product_cat":[1432,1429,184,421],"product_tag":[],"class_list":{"0":"post-41638","1":"product","2":"type-product","3":"status-publish","4":"has-post-thumbnail","6":"brand-el-ron-del-artesano","7":"product_cat-rum-spirituosen","8":"product_cat-spirituosen","9":"product_cat-feine-begleiter-zur-zigarre","10":"product_cat-rum","12":"first","13":"instock","14":"taxable","15":"shipping-taxable","16":"purchasable","17":"product-type-simple"},"acf":[],"_links":{"self":[{"href":"https:\/\/www.lcdh-bonn.de\/zh\/wp-json\/wp\/v2\/product\/41638","targetHints":{"allow":["GET"]}}],"collection":[{"href":"https:\/\/www.lcdh-bonn.de\/zh\/wp-json\/wp\/v2\/product"}],"about":[{"href":"https:\/\/www.lcdh-bonn.de\/zh\/wp-json\/wp\/v2\/types\/product"}],"replies":[{"embeddable":true,"href":"https:\/\/www.lcdh-bonn.de\/zh\/wp-json\/wp\/v2\/comments?post=41638"}],"wp:featuredmedia":[{"embeddable":true,"href":"https:\/\/www.lcdh-bonn.de\/zh\/wp-json\/wp\/v2\/media\/41753"}],"wp:attachment":[{"href":"https:\/\/www.lcdh-bonn.de\/zh\/wp-json\/wp\/v2\/media?parent=41638"}],"wp:term":[{"taxonomy":"brand","embeddable":true,"href":"https:\/\/www.lcdh-bonn.de\/zh\/wp-json\/wp\/v2\/etheme_brands?post=41638"},{"taxonomy":"product_cat","embeddable":true,"href":"https:\/\/www.lcdh-bonn.de\/zh\/wp-json\/wp\/v2\/product_cat?post=41638"},{"taxonomy":"product_tag","embeddable":true,"href":"https:\/\/www.lcdh-bonn.de\/zh\/wp-json\/wp\/v2\/product_tag?post=41638"}],"curies":[{"name":"wp","href":"https:\/\/api.w.org\/{rel}","templated":true}]}}