{"id":41692,"date":"2026-04-11T15:51:19","date_gmt":"2026-04-11T13:51:19","guid":{"rendered":"https:\/\/www.lcdh-bonn.de\/produkt\/romeo-y-julieta-amantes-gift-pack\/"},"modified":"2026-04-11T15:52:16","modified_gmt":"2026-04-11T13:52:16","slug":"romeo-y-julieta-amantes-gift-pack","status":"publish","type":"product","link":"https:\/\/www.lcdh-bonn.de\/zh\/product\/romeo-y-julieta-amantes-gift-pack\/","title":{"rendered":"Romeo y Julieta Amantes Gift Pack"},"content":{"rendered":"<p><span style=\"vertical-align: inherit;\"><span style=\"vertical-align: inherit;\">Romeo y Julieta Amantes<\/p>\n<p>Zum 150-j\u00e4hrigen Jubil\u00e4um der weltbekannten Marke Romeo y Julieta pr\u00e4sentiert Habanos S.A. eine ganz besondere Zigarre: die Romeo y Julieta Amantes. Der Name &#8220;Amantes&#8221; \u2013 spanisch f\u00fcr &#8220;Liebende&#8221; \u2013 ist eine Hommage an die literarische Inspiration der Marke und unterstreicht die romantische Tradition, die sich durch ihr Erbe zieht.<\/p>\n<p>Diese Jubil\u00e4umsausgabe wird in der Sobresalientes-Vitola gefertigt, einer beeindruckenden Zigarrenform mit einer L\u00e4nge von 153 mm und einem Ringma\u00df von 53. Diese Vitola wurde bereits in der Vergangenheit f\u00fcr limitierte Editionen genutzt, darunter die Por Larra\u00f1aga Sobresalientes und die Romeo y Julieta Capuletos aus der Edici\u00f3n Limitada 2016.<\/p>\n<p>Optisch setzt sich die Amantes klar von vorherigen Sondereditionen ab. Sie tr\u00e4gt eine einzigartige Jubil\u00e4umsbanderole mit der Zahl 150 im Zentrum und eine zus\u00e4tzliche Fu\u00dfbanderole mit dem Romeo y Julieta-Logo. Die Zigarren werden in edlen 20er-Kisten angeboten, jedoch bleibt offen, ob die Produktion limitiert ist.<\/p>\n<p>Die offizielle Ank\u00fcndigung erfolgte w\u00e4hrend des Festival del Habano XXV, dem j\u00e4hrlichen kubanischen Zigarrenfestival. Wie bei vielen Habanos-Neuerscheinungen gibt es bislang keine Informationen zu Verf\u00fcgbarkeit oder Preisgestaltung. Dennoch d\u00fcrfte die Romeo y Julieta Amantes f\u00fcr Sammler und Genie\u00dfer gleicherma\u00dfen eine ganz besondere Bedeutung haben.<\/span><\/span><\/p>","protected":false},"excerpt":{"rendered":"<p>Romeo y Julieta Amantes: Jubil\u00e4umszigarre zum 150-j\u00e4hrigen Bestehen.<\/p>","protected":false},"featured_media":0,"comment_status":"closed","ping_status":"open","template":"","meta":{"_acf_changed":false},"etheme_brands":[{"term_id":206,"name":"Romeo y Julieta","slug":"romeo-y-julieta","term_group":0,"term_taxonomy_id":206,"taxonomy":"brand","description":"[elementor-template id=\"15563\"]","parent":0,"count":44,"filter":"raw"}],"product_cat":[168,169,160],"product_tag":[],"class_list":{"0":"post-41692","1":"product","2":"type-product","3":"status-publish","5":"brand-romeo-y-julieta","6":"product_cat-zigarren","7":"product_cat-cuba","8":"product_cat-romeo-y-julieta","9":"pa_besonderheiten-rare","10":"pa_laenge-579","11":"pa_ringmass-504","12":"pa_verpackungseinheit-5er-kiste","13":"pa_verpackungseinheit-einzeln","15":"first","16":"outofstock","17":"taxable","18":"shipping-taxable","19":"product-type-variable"},"acf":[],"_links":{"self":[{"href":"https:\/\/www.lcdh-bonn.de\/zh\/wp-json\/wp\/v2\/product\/41692","targetHints":{"allow":["GET"]}}],"collection":[{"href":"https:\/\/www.lcdh-bonn.de\/zh\/wp-json\/wp\/v2\/product"}],"about":[{"href":"https:\/\/www.lcdh-bonn.de\/zh\/wp-json\/wp\/v2\/types\/product"}],"replies":[{"embeddable":true,"href":"https:\/\/www.lcdh-bonn.de\/zh\/wp-json\/wp\/v2\/comments?post=41692"}],"wp:attachment":[{"href":"https:\/\/www.lcdh-bonn.de\/zh\/wp-json\/wp\/v2\/media?parent=41692"}],"wp:term":[{"taxonomy":"brand","embeddable":true,"href":"https:\/\/www.lcdh-bonn.de\/zh\/wp-json\/wp\/v2\/etheme_brands?post=41692"},{"taxonomy":"product_cat","embeddable":true,"href":"https:\/\/www.lcdh-bonn.de\/zh\/wp-json\/wp\/v2\/product_cat?post=41692"},{"taxonomy":"product_tag","embeddable":true,"href":"https:\/\/www.lcdh-bonn.de\/zh\/wp-json\/wp\/v2\/product_tag?post=41692"}],"curies":[{"name":"wp","href":"https:\/\/api.w.org\/{rel}","templated":true}]}}