{"id":41751,"date":"2026-04-17T16:58:19","date_gmt":"2026-04-17T14:58:19","guid":{"rendered":"https:\/\/www.lcdh-bonn.de\/produkt\/donnerstag-07-05-2026-1900-2200-uhr-habanos-x-rum-mit-nina-vorster\/"},"modified":"2026-04-17T18:50:16","modified_gmt":"2026-04-17T16:50:16","slug":"donnerstag-07-05-2026-1900-2200-uhr-habanos-x-rum-mit-nina-vorster","status":"publish","type":"product","link":"https:\/\/www.lcdh-bonn.de\/zh\/product\/donnerstag-07-05-2026-1900-2200-uhr-habanos-x-rum-mit-nina-vorster\/","title":{"rendered":"Donnerstag, 07.05.2026, 19:00 &#8211; 22:00 Uhr &#8211; Habanos X Rum mit Nina Vorster"},"content":{"rendered":"<p data-start=\"0\" data-end=\"73\">Einladung zu einem genussvollen Abend: Habanos X Rum mit Nina Vorster<\/p>\n<p data-start=\"75\" data-end=\"130\"><strong>Donnerstag, 07.05.2026<\/strong><br data-start=\"97\" data-end=\"100\" \/><strong>\ud83d\udd56 19:00 &#8211; 22:00 Uhr<\/strong><br data-start=\"120\" data-end=\"123\" \/><strong>\ud83d\udccd Bonn<\/strong><\/p>\n<p data-start=\"132\" data-end=\"241\">Erleben Sie einen besonderen Abend voller Genuss, Charakter und spannender Geschichten aus der Welt des Rums.<\/p>\n<p data-start=\"243\" data-end=\"462\">Freuen Sie sich auf Nina Vorster, Gr\u00fcnderin von Jack Crap Spirits. Sie steht f\u00fcr ehrliche, charakterstarke Spirituosen und bringt nicht nur viel Know-how, sondern auch echte Leidenschaft f\u00fcr hochwertige Abf\u00fcllungen mit.<\/p>\n<p data-start=\"464\" data-end=\"689\">An diesem Abend pr\u00e4sentiert Nina Vorster ausgew\u00e4hlte Rums, die zeigen, wie vielseitig und faszinierend diese Spirituose sein kann. Im Mittelpunkt stehen unter anderem zwei spannende Marken: Ron Artesano und Jack Crap Spirits.<\/p>\n<p data-start=\"691\" data-end=\"878\">Ron Artesano steht f\u00fcr Panama-Rum mit handwerklichem Anspruch, der in Deutschland weiterentwickelt wird \u2013 mit viel Liebe zum Fass, zur Reifung und zu einem ehrlichen, unverf\u00e4lschten Stil.<\/p>\n<p data-start=\"880\" data-end=\"1033\">Jack Crap Spirits steht f\u00fcr authentische Spirituosen mit Haltung, Transparenz und Pers\u00f6nlichkeit \u2013 modern interpretiert und mit viel Gesp\u00fcr f\u00fcr Qualit\u00e4t.<\/p>\n<p data-start=\"1035\" data-end=\"1135\">Dazu genie\u00dfen wir nat\u00fcrlich zwei erlesene Habanos, die perfekt mit den edlen Tropfen harmonieren. \ud83d\udd25<\/p>\n<p data-start=\"1137\" data-end=\"1154\">\u60a8\u7684\u671f\u5f85<\/p>\n<p data-start=\"1156\" data-end=\"1385\">\ud83e\udd42 Ein prickelnder Willkommens-Champagner zur Einstimmung<br data-start=\"1213\" data-end=\"1216\" \/>\ud83e\udd43 5\u20136 unterschiedliche, exklusive Spirituosen<br data-start=\"1262\" data-end=\"1265\" \/>\ud83d\udca8 2 erlesene Habanos<br data-start=\"1286\" data-end=\"1289\" \/>\ud83d\udca7 Wasser zur Erfrischung<br data-start=\"1314\" data-end=\"1317\" \/>\ud83e\udd68 Geschmacksneutralisierende Knabbereien<br data-start=\"1358\" data-end=\"1361\" \/>\ud83d\udcb6 Kostenbeitrag: 89,- \u20ac<\/p>\n<p data-start=\"1387\" data-end=\"1514\" data-is-last-node=\"\" data-is-only-node=\"\">Lassen Sie sich dieses genussvolle Event nicht entgehen und sichern Sie sich jetzt Ihren Platz f\u00fcr einen unvergesslichen Abend.<\/p>","protected":false},"excerpt":{"rendered":"<p>Genussabend in Bonn mit Nina Vorster, 1 Champagner, 2 Habanos und 5-6 exklusiven Spirituosen.<\/p>","protected":false},"featured_media":41750,"comment_status":"closed","ping_status":"closed","template":"","meta":{"_acf_changed":false},"etheme_brands":[{"term_id":1019,"name":"Cigar Embassy","slug":"cigar-embassy","term_group":0,"term_taxonomy_id":1019,"taxonomy":"brand","description":"","parent":0,"count":10,"filter":"raw"}],"product_cat":[1146],"product_tag":[],"class_list":{"0":"post-41751","1":"product","2":"type-product","3":"status-publish","4":"has-post-thumbnail","6":"brand-cigar-embassy","7":"product_cat-veranstaltungen","9":"first","10":"instock","11":"taxable","12":"shipping-taxable","13":"purchasable","14":"product-type-simple"},"acf":[],"_links":{"self":[{"href":"https:\/\/www.lcdh-bonn.de\/zh\/wp-json\/wp\/v2\/product\/41751","targetHints":{"allow":["GET"]}}],"collection":[{"href":"https:\/\/www.lcdh-bonn.de\/zh\/wp-json\/wp\/v2\/product"}],"about":[{"href":"https:\/\/www.lcdh-bonn.de\/zh\/wp-json\/wp\/v2\/types\/product"}],"replies":[{"embeddable":true,"href":"https:\/\/www.lcdh-bonn.de\/zh\/wp-json\/wp\/v2\/comments?post=41751"}],"wp:featuredmedia":[{"embeddable":true,"href":"https:\/\/www.lcdh-bonn.de\/zh\/wp-json\/wp\/v2\/media\/41750"}],"wp:attachment":[{"href":"https:\/\/www.lcdh-bonn.de\/zh\/wp-json\/wp\/v2\/media?parent=41751"}],"wp:term":[{"taxonomy":"brand","embeddable":true,"href":"https:\/\/www.lcdh-bonn.de\/zh\/wp-json\/wp\/v2\/etheme_brands?post=41751"},{"taxonomy":"product_cat","embeddable":true,"href":"https:\/\/www.lcdh-bonn.de\/zh\/wp-json\/wp\/v2\/product_cat?post=41751"},{"taxonomy":"product_tag","embeddable":true,"href":"https:\/\/www.lcdh-bonn.de\/zh\/wp-json\/wp\/v2\/product_tag?post=41751"}],"curies":[{"name":"wp","href":"https:\/\/api.w.org\/{rel}","templated":true}]}}